{"id":8,"date":"2018-09-07T12:35:38","date_gmt":"2018-09-07T12:35:38","guid":{"rendered":"https:\/\/suxuong.com\/?page_id=8"},"modified":"2022-04-18T14:58:16","modified_gmt":"2022-04-18T07:58:16","slug":"su-xuong","status":"publish","type":"page","link":"https:\/\/suxuong.com\/","title":{"rendered":"s\u1ee9 x\u01b0\u01a1ng hay S\u1ee9 S\u01b0\u01a1ng"},"content":{"rendered":"\n<h2 id=\"suxuong\"><strong>1. S\u1ee9 x\u01b0\u01a1ng<\/strong><\/h2>\n\n\n\n<p><strong>S\u1ee9 x\u01b0\u01a1ng<\/strong> hay t\u00ean \u0111\u1ea7y \u0111\u1ee7 l\u00e0 s\u1ee9 tro x\u01b0\u01a1ng, ti\u1ebfng Anh &#8220;bone china&#8221;, l\u00e0 d\u00f2ng g\u1ed1m s\u1ee9 c\u00f3 tr\u1ed9n men tro x\u01b0\u01a1ng \u0111\u1ed9ng v\u1eadt, c\u00f3 ngu\u1ed3n g\u1ed1c t\u1eeb Anh qu\u1ed1c th\u1ebf k\u1ef7 18. \u0110\u1ebfn nay \u0111a ph\u1ea7n s\u1ee9 x\u01b0\u01a1ng \u0111\u01b0\u1ee3c s\u1ea3n xu\u1ea5t t\u1ea1i Trung Qu\u1ed1c. \u0110\u1eb7c \u0111i\u1ec3m c\u1ee7a s\u1ea3n ph\u1ea9m l\u00e0 men c\u00f3 \u0111\u1ed9 trong, s\u00e1ng b\u00f3ng, th\u01b0\u1eddng \u0111\u01b0\u1ee3c in hoa v\u0103n v\u00e0 gi\u00e1 b\u00e1n r\u1ea5t cao.<\/p>\n\n\n\n<blockquote class=\"wp-block-quote\"><p>B\u1ea3n th\u00e2n s\u1ee9 x\u01b0\u01a1ng \u0111\u00e3 c\u00f3 ch\u1ee9a x\u01b0\u01a1ng \u0111\u1ed9ng v\u1eadt (th\u01b0\u1eddng l\u00e0 x\u01b0\u01a1ng b\u00f2) n\u00ean b\u1ecb s\u1ef1 ph\u1ea3n \u0111\u1ed1i c\u1ee7a nh\u1eefng ng\u01b0\u1eddi \u0103n chay v\u00e0 c\u00e1c h\u1ed9i b\u1ea3o v\u1ec7 \u0111\u1ed9ng v\u1eadt, b\u1ea3o v\u1ec7 m\u00f4i tr\u01b0\u1eddng tr\u00ean th\u1ebf gi\u1edbi.<\/p><cite><em>(Ngu\u1ed3n:&nbsp;<a href=\"https:\/\/groundswell.org\/this-surprising-product-isnt-animal-friendly\" target=\"_blank\" rel=\"noreferrer noopener\">https:\/\/groundswell.org\/this-surprising-product-isnt-animal-friendly<\/a>\/)<\/em><\/cite><\/blockquote>\n\n\n\n<p><\/p>\n\n\n\n<p>H\u1ecda ti\u1ebft tr\u00ean c\u00e1c s\u1ea3n ph\u1ea9m b\u00e1t \u0111\u0129a, \u1ea5m ch\u00e9n th\u01b0\u1eddng r\u1ea5t \u0111\u1eb9p m\u1eaft, \u0111\u01b0\u1ee3c \u0111\u00e1nh v\u00e0ng kim, b\u1ea1c kim \u0111em l\u1ea1i hi\u1ec7u \u1ee9ng \u00f3ng \u00e1nh. Tuy nhi\u00ean c\u00e1c s\u1ea3n ph\u1ea9m \u0111\u00f3 \u0111\u01b0\u1ee3c khuy\u1ebfn c\u00e1o <span style=\"color: #ff0000;\">kh\u00f4ng n\u00ean s\u1eed d\u1ee5ng trong l\u00f2 vi s\u00f3ng<\/span> v\u00ec ch\u1ee9a th\u00e0nh ph\u1ea7n kim lo\u1ea1i.<\/p>\n\n\n\n<figure class=\"wp-block-image size-large\"><img loading=\"lazy\" width=\"1024\" height=\"515\" src=\"https:\/\/suxuong.com\/wp-content\/uploads\/2019\/11\/1515462823_75pcs-bone-china-dinner-set-with-royal-design-1.jpg\" alt=\"s\u1ee9 x\u01b0\u01a1ng\" class=\"wp-image-220\" srcset=\"https:\/\/suxuong.com\/wp-content\/uploads\/2019\/11\/1515462823_75pcs-bone-china-dinner-set-with-royal-design-1.jpg 1024w, https:\/\/suxuong.com\/wp-content\/uploads\/2019\/11\/1515462823_75pcs-bone-china-dinner-set-with-royal-design-1-300x151.jpg 300w, https:\/\/suxuong.com\/wp-content\/uploads\/2019\/11\/1515462823_75pcs-bone-china-dinner-set-with-royal-design-1-768x386.jpg 768w\" sizes=\"(max-width: 709px) 85vw, (max-width: 909px) 67vw, (max-width: 1362px) 62vw, 840px\" \/><figcaption><strong>M\u1ed9t b\u1ed9 \u0111\u1ed3 \u0103n s\u1ee9 x\u01b0\u01a1ng Trung Qu\u1ed1c nh\u1eadp kh\u1ea9u.<\/strong><\/figcaption><\/figure>\n\n\n\n<h2 id=\"susuong\"><strong>2. S\u1ee9 S\u01b0\u01a1ng<\/strong><\/h2>\n\n\n\n<p><strong>S\u1ee9 S\u01b0\u01a1ng<\/strong> l\u00e0 th\u01b0\u01a1ng hi\u1ec7u <a href=\"http:\/\/susuong.vn\" target=\"_blank\" rel=\"noopener noreferrer\">g\u1ed1m s\u1ee9 cao c\u1ea5p<\/a> c\u00f3 ngu\u1ed3n g\u1ed1c t\u1eeb B\u00e1t Tr\u00e0ng c\u00f3 t\u00ean tu\u1ed5i tr\u00ean d\u01b0\u1edbi 10 n\u0103m t\u1ea1i th\u1ecb tr\u01b0\u1eddng Vi\u1ec7t Nam. S\u1ee9 S\u01b0\u01a1ng c\u00f3 \u0111\u1eb7c \u0111i\u1ec3m l\u00e0 100% h\u00e0ng Vi\u1ec7t Nam ch\u1ea5t l\u01b0\u1ee3ng cao, ch\u1ea5t men \u0111\u1ec1u \u0111\u1eb9p, d\u00f2ng men tr\u1eafng c\u0169ng c\u00f3 s\u1ef1 th\u1ea5u quang cao, m\u00e0u tr\u1eafng s\u00e1ng, \u0111\u1ed9 s\u00e1ng nh\u1edd ch\u1ea5t \u0111\u1ea5t nhi\u1ec1u h\u01a1n l\u00e0 ch\u1ea5t men. S\u1ee9 S\u01b0\u01a1ng c\u00f3 gi\u00e1 th\u00e0nh t\u1eeb trung b\u00ecnh t\u1edbi cao v\u00e0 \u0111\u01b0\u1ee3c ph\u00e2n ph\u1ed1i nhi\u1ec1u qua k\u00eanh si\u00eau th\u1ecb Lotte, Fivimart, <a href=\"https:\/\/suxuong.com\/vjml\" target=\"_blank\" rel=\"noopener noreferrer\">Aeon<\/a>&#8230;v\u00e0 online, l\u00e0m <a href=\"https:\/\/susuong.com\/coc-su-la-san-pham-qua-tang-khuyen-mai-duoc-ua-chuong-nhat\" target=\"_blank\" rel=\"noopener noreferrer\">qu\u00e0 t\u1eb7ng cho c\u00e1c doanh nghi\u1ec7p<\/a>.<\/p>\n\n\n\n<p>\u0110i\u1ec3m y\u1ebfu c\u1ee7a S\u1ee9 S\u01b0\u01a1ng l\u00e0 s\u1ea3n ph\u1ea9m l\u00e0m th\u1ee7 c\u00f4ng t\u1ea1i B\u00e1t Tr\u00e0ng n\u00ean s\u1ef1 \u0111\u1ed3ng \u0111\u1ec1u k\u00e9m, s\u1ea3n ph\u1ea9m c\u00f3 s\u1ef1 kh\u00e1c nhau d\u00f9 ch\u1ea5t l\u01b0\u1ee3ng \u0111\u01b0\u1ee3c b\u1ea3o \u0111\u1ea3m.<\/p>\n\n\n\n<p><em>(ngu\u1ed3n: <a href=\"https:\/\/susuong.com\" target=\"_blank\" rel=\"noopener noreferrer\">susuong.com<\/a>)<\/em><\/p>\n\n\n\n<figure class=\"wp-container-2 wp-block-gallery-1 wp-block-gallery aligncenter has-nested-images columns-default is-cropped\">\n<figure class=\"wp-block-image size-large\"><img loading=\"lazy\" width=\"992\" height=\"662\" data-id=\"200\"  src=\"https:\/\/suxuong.com\/wp-content\/uploads\/2019\/11\/Bo-ca-koi.jpg\" alt=\"\" class=\"wp-image-200\" srcset=\"https:\/\/suxuong.com\/wp-content\/uploads\/2019\/11\/Bo-ca-koi.jpg 992w, https:\/\/suxuong.com\/wp-content\/uploads\/2019\/11\/Bo-ca-koi-300x200.jpg 300w, https:\/\/suxuong.com\/wp-content\/uploads\/2019\/11\/Bo-ca-koi-768x513.jpg 768w\" sizes=\"(max-width: 709px) 85vw, (max-width: 909px) 67vw, (max-width: 1362px) 62vw, 840px\" \/><\/figure>\n\n\n\n<figure class=\"wp-block-image size-large\"><img loading=\"lazy\" width=\"998\" height=\"610\" data-id=\"201\"  src=\"https:\/\/suxuong.com\/wp-content\/uploads\/2019\/11\/Bo-tra-hoang-gia.jpg\" alt=\"\" class=\"wp-image-201\" srcset=\"https:\/\/suxuong.com\/wp-content\/uploads\/2019\/11\/Bo-tra-hoang-gia.jpg 998w, https:\/\/suxuong.com\/wp-content\/uploads\/2019\/11\/Bo-tra-hoang-gia-300x183.jpg 300w, https:\/\/suxuong.com\/wp-content\/uploads\/2019\/11\/Bo-tra-hoang-gia-768x469.jpg 768w\" sizes=\"(max-width: 709px) 85vw, (max-width: 909px) 67vw, (max-width: 1362px) 62vw, 840px\" \/><\/figure>\n\n\n\n<figure class=\"wp-block-image size-large\"><img loading=\"lazy\" width=\"1020\" height=\"680\" data-id=\"202\"  src=\"https:\/\/suxuong.com\/wp-content\/uploads\/2019\/11\/Bo-tra-tien-canh.jpg\" alt=\"\" class=\"wp-image-202\" srcset=\"https:\/\/suxuong.com\/wp-content\/uploads\/2019\/11\/Bo-tra-tien-canh.jpg 1020w, https:\/\/suxuong.com\/wp-content\/uploads\/2019\/11\/Bo-tra-tien-canh-300x200.jpg 300w, https:\/\/suxuong.com\/wp-content\/uploads\/2019\/11\/Bo-tra-tien-canh-768x512.jpg 768w\" sizes=\"(max-width: 709px) 85vw, (max-width: 909px) 67vw, (max-width: 1362px) 62vw, 840px\" \/><\/figure>\n\n\n\n<figure class=\"wp-block-image size-large\"><img loading=\"lazy\" width=\"480\" height=\"320\" data-id=\"204\"  src=\"https:\/\/suxuong.com\/wp-content\/uploads\/2019\/11\/Coc-vua-tay.jpg\" alt=\"\" class=\"wp-image-204\" srcset=\"https:\/\/suxuong.com\/wp-content\/uploads\/2019\/11\/Coc-vua-tay.jpg 480w, https:\/\/suxuong.com\/wp-content\/uploads\/2019\/11\/Coc-vua-tay-300x200.jpg 300w\" sizes=\"(max-width: 480px) 85vw, 480px\" \/><\/figure>\n\n\n\n<figure class=\"wp-block-image size-large\"><img loading=\"lazy\" width=\"640\" height=\"426\" data-id=\"205\"  src=\"https:\/\/suxuong.com\/wp-content\/uploads\/2019\/11\/g\u1ea1t-t\u00e0n-qu\u1ea3-\u0111\u00e0o-\u0111en.jpg\" alt=\"\" class=\"wp-image-205\" srcset=\"https:\/\/suxuong.com\/wp-content\/uploads\/2019\/11\/g\u1ea1t-t\u00e0n-qu\u1ea3-\u0111\u00e0o-\u0111en.jpg 640w, https:\/\/suxuong.com\/wp-content\/uploads\/2019\/11\/g\u1ea1t-t\u00e0n-qu\u1ea3-\u0111\u00e0o-\u0111en-300x200.jpg 300w\" sizes=\"(max-width: 640px) 85vw, 640px\" \/><\/figure>\n\n\n\n<figure class=\"wp-block-image size-large\"><img loading=\"lazy\" width=\"1024\" height=\"683\" data-id=\"206\"  src=\"https:\/\/suxuong.com\/wp-content\/uploads\/2019\/11\/Da-Nang-1024x683.jpg\" alt=\"\" class=\"wp-image-206\" srcset=\"https:\/\/suxuong.com\/wp-content\/uploads\/2019\/11\/Da-Nang-1024x683.jpg 1024w, https:\/\/suxuong.com\/wp-content\/uploads\/2019\/11\/Da-Nang-300x200.jpg 300w, https:\/\/suxuong.com\/wp-content\/uploads\/2019\/11\/Da-Nang-768x512.jpg 768w, https:\/\/suxuong.com\/wp-content\/uploads\/2019\/11\/Da-Nang-1536x1024.jpg 1536w, https:\/\/suxuong.com\/wp-content\/uploads\/2019\/11\/Da-Nang-1200x800.jpg 1200w, https:\/\/suxuong.com\/wp-content\/uploads\/2019\/11\/Da-Nang.jpg 2048w\" sizes=\"(max-width: 709px) 85vw, (max-width: 909px) 67vw, (max-width: 1362px) 62vw, 840px\" \/><\/figure>\n\n\n\n<figure class=\"wp-block-image size-large\"><img loading=\"lazy\" width=\"999\" height=\"666\" data-id=\"207\"  src=\"https:\/\/suxuong.com\/wp-content\/uploads\/2019\/11\/ssc011a3-02_copy_master.jpg\" alt=\"\" class=\"wp-image-207\" srcset=\"https:\/\/suxuong.com\/wp-content\/uploads\/2019\/11\/ssc011a3-02_copy_master.jpg 999w, https:\/\/suxuong.com\/wp-content\/uploads\/2019\/11\/ssc011a3-02_copy_master-300x200.jpg 300w, https:\/\/suxuong.com\/wp-content\/uploads\/2019\/11\/ssc011a3-02_copy_master-768x512.jpg 768w\" sizes=\"(max-width: 709px) 85vw, (max-width: 909px) 67vw, (max-width: 1362px) 62vw, 840px\" \/><\/figure>\n\n\n\n<figure class=\"wp-block-image size-large\"><img loading=\"lazy\" width=\"999\" height=\"666\" data-id=\"208\"  src=\"https:\/\/suxuong.com\/wp-content\/uploads\/2019\/11\/lo_mieng_luon_copy_70adaa13-efe2-4786-4c8c-b4ab5f02f6a4_master.jpg\" alt=\"\" class=\"wp-image-208\" srcset=\"https:\/\/suxuong.com\/wp-content\/uploads\/2019\/11\/lo_mieng_luon_copy_70adaa13-efe2-4786-4c8c-b4ab5f02f6a4_master.jpg 999w, https:\/\/suxuong.com\/wp-content\/uploads\/2019\/11\/lo_mieng_luon_copy_70adaa13-efe2-4786-4c8c-b4ab5f02f6a4_master-300x200.jpg 300w, https:\/\/suxuong.com\/wp-content\/uploads\/2019\/11\/lo_mieng_luon_copy_70adaa13-efe2-4786-4c8c-b4ab5f02f6a4_master-768x512.jpg 768w\" sizes=\"(max-width: 709px) 85vw, (max-width: 909px) 67vw, (max-width: 1362px) 62vw, 840px\" \/><\/figure>\n\n\n\n<figure class=\"wp-block-image size-large\"><img loading=\"lazy\" width=\"1024\" height=\"683\" data-id=\"209\"  src=\"https:\/\/suxuong.com\/wp-content\/uploads\/2019\/11\/Bat-com-sunrise-1024x683.jpg\" alt=\"\" class=\"wp-image-209\" srcset=\"https:\/\/suxuong.com\/wp-content\/uploads\/2019\/11\/Bat-com-sunrise-1024x683.jpg 1024w, https:\/\/suxuong.com\/wp-content\/uploads\/2019\/11\/Bat-com-sunrise-300x200.jpg 300w, https:\/\/suxuong.com\/wp-content\/uploads\/2019\/11\/Bat-com-sunrise-768x512.jpg 768w, https:\/\/suxuong.com\/wp-content\/uploads\/2019\/11\/Bat-com-sunrise-1536x1024.jpg 1536w, https:\/\/suxuong.com\/wp-content\/uploads\/2019\/11\/Bat-com-sunrise-1200x800.jpg 1200w, https:\/\/suxuong.com\/wp-content\/uploads\/2019\/11\/Bat-com-sunrise.jpg 2048w\" sizes=\"(max-width: 709px) 85vw, (max-width: 909px) 67vw, (max-width: 1362px) 62vw, 840px\" \/><\/figure>\n\n\n\n<figure class=\"wp-block-image size-large\"><img loading=\"lazy\" width=\"800\" height=\"533\" data-id=\"210\"  src=\"https:\/\/suxuong.com\/wp-content\/uploads\/2019\/11\/Khay-2-tang-peacock-do.jpg\" alt=\"\" class=\"wp-image-210\" srcset=\"https:\/\/suxuong.com\/wp-content\/uploads\/2019\/11\/Khay-2-tang-peacock-do.jpg 800w, https:\/\/suxuong.com\/wp-content\/uploads\/2019\/11\/Khay-2-tang-peacock-do-300x200.jpg 300w, https:\/\/suxuong.com\/wp-content\/uploads\/2019\/11\/Khay-2-tang-peacock-do-768x512.jpg 768w\" sizes=\"(max-width: 800px) 85vw, 800px\" \/><\/figure>\n\n\n\n<figure class=\"wp-block-image size-large\"><img loading=\"lazy\" width=\"1024\" height=\"607\" data-id=\"213\"  src=\"https:\/\/suxuong.com\/wp-content\/uploads\/2019\/11\/SSDTD004C2-1024x607.jpg\" alt=\"\" class=\"wp-image-213\" srcset=\"https:\/\/suxuong.com\/wp-content\/uploads\/2019\/11\/SSDTD004C2-1024x607.jpg 1024w, https:\/\/suxuong.com\/wp-content\/uploads\/2019\/11\/SSDTD004C2-300x178.jpg 300w, https:\/\/suxuong.com\/wp-content\/uploads\/2019\/11\/SSDTD004C2-768x455.jpg 768w, https:\/\/suxuong.com\/wp-content\/uploads\/2019\/11\/SSDTD004C2-1200x712.jpg 1200w, https:\/\/suxuong.com\/wp-content\/uploads\/2019\/11\/SSDTD004C2.jpg 1440w\" sizes=\"(max-width: 709px) 85vw, (max-width: 909px) 67vw, (max-width: 1362px) 62vw, 840px\" \/><\/figure>\n<figcaption class=\"blocks-gallery-caption\"><strong>M\u1ed9t s\u1ed1 s\u1ea3n ph\u1ea9m l\u00e0m n\u00ean t\u00ean tu\u1ed5i c\u1ee7a <a href=\"https:\/\/susuong.com\" target=\"_blank\" rel=\"noreferrer noopener\" aria-label=\"S\u1ee9 S\u01b0\u01a1ng ceramics (m\u1edf trong tab m\u1edbi)\">S\u1ee9 S\u01b0\u01a1ng ceramics<\/a><\/strong><\/figcaption><\/figure>\n\n\n\n<h2 id=\"sosanh\"><strong>3. So s\u00e1nh S\u1ee9 S\u01b0\u01a1ng v\u00e0 s\u1ee9 x\u01b0\u01a1ng<\/strong><\/h2>\n\n\n\n<p>B\u1ea3ng so s\u00e1nh d\u01b0\u1edbi \u0111\u00e2y gi\u00fap b\u1ea1n d\u1ec5 d\u00e0ng l\u1ef1a ch\u1ecdn s\u1ea3n ph\u1ea9m gi\u1eefa 2 d\u00f2ng g\u1ed1m s\u1ee9 cao c\u1ea5p n\u00e0y h\u01a1n:<\/p>\n\n\n\n<figure class=\"wp-block-table\"><table><tbody><tr><td>&nbsp;<\/td><td><strong>S\u1ee9 S\u01b0\u01a1ng&nbsp;<figure><img loading=\"lazy\" class=\"alignnone wp-image-74\" src=\"https:\/\/suxuong.com\/wp-content\/uploads\/2018\/09\/favicon-copy.png\" alt=\"Logo Su Suong\" width=\"23\" height=\"22\" srcset=\"https:\/\/suxuong.com\/wp-content\/uploads\/2018\/09\/favicon-copy.png 242w, https:\/\/suxuong.com\/wp-content\/uploads\/2018\/09\/favicon-copy-150x150.png 150w\" sizes=\"(max-width: 23px) 85vw, 23px\" \/><\/figure><\/strong><\/td><td><strong>s\u1ee9 x\u01b0\u01a1ng<\/strong><\/td><\/tr><tr><td><strong>Xu\u1ea5t x\u1ee9<\/strong><\/td><td>Vi\u1ec7t Nam<\/td><td>Trung Qu\u1ed1c v\u00e0 m\u1ed9t s\u1ed1 n\u01b0\u1edbc kh\u00e1c.<\/td><\/tr><tr><td><strong>H\u00ecnh th\u1ee9c<\/strong><\/td><td><figure><img loading=\"lazy\" class=\"alignnone size-medium wp-image-70\" src=\"https:\/\/suxuong.com\/wp-content\/uploads\/2018\/09\/4-sao-300x63.png\" alt=\"\" width=\"300\" height=\"63\" srcset=\"https:\/\/suxuong.com\/wp-content\/uploads\/2018\/09\/4-sao-300x63.png 300w, https:\/\/suxuong.com\/wp-content\/uploads\/2018\/09\/4-sao.png 751w\" sizes=\"(max-width: 300px) 85vw, 300px\" \/><\/figure><br>\u0110\u1eb9p<\/td><td><figure><img loading=\"lazy\" class=\"alignnone size-medium wp-image-71\" src=\"https:\/\/suxuong.com\/wp-content\/uploads\/2018\/09\/5-sao-300x66.png\" alt=\"\" width=\"300\" height=\"66\" srcset=\"https:\/\/suxuong.com\/wp-content\/uploads\/2018\/09\/5-sao-300x66.png 300w, https:\/\/suxuong.com\/wp-content\/uploads\/2018\/09\/5-sao.png 746w\" sizes=\"(max-width: 300px) 85vw, 300px\" \/><\/figure><br>R\u1ea5t \u0111\u1eb9p<\/td><\/tr><tr><td><strong>Ch\u1ea5t l\u01b0\u1ee3ng s\u1eed d\u1ee5ng<\/strong><\/td><td><figure><img loading=\"lazy\" class=\"alignnone size-medium wp-image-70\" src=\"https:\/\/suxuong.com\/wp-content\/uploads\/2018\/09\/4-sao-300x63.png\" alt=\"\" width=\"300\" height=\"63\" srcset=\"https:\/\/suxuong.com\/wp-content\/uploads\/2018\/09\/4-sao-300x63.png 300w, https:\/\/suxuong.com\/wp-content\/uploads\/2018\/09\/4-sao.png 751w\" sizes=\"(max-width: 300px) 85vw, 300px\" \/><\/figure><br>T\u1ed1t<\/td><td><figure><img loading=\"lazy\" class=\"alignnone size-medium wp-image-70\" src=\"https:\/\/suxuong.com\/wp-content\/uploads\/2018\/09\/4-sao-300x63.png\" alt=\"\" width=\"300\" height=\"63\" srcset=\"https:\/\/suxuong.com\/wp-content\/uploads\/2018\/09\/4-sao-300x63.png 300w, https:\/\/suxuong.com\/wp-content\/uploads\/2018\/09\/4-sao.png 751w\" sizes=\"(max-width: 300px) 85vw, 300px\" \/><\/figure><br>T\u1ed1t<\/td><\/tr><tr><td><strong>An to\u00e0n v\u1ec7 sinh th\u1ef1c ph\u1ea9m<\/strong><\/td><td>Ch\u1ee9ng ch\u1ec9: SGS, Quacert<\/td><td>Kh\u00f4ng r\u00f5<\/td><\/tr><tr><td><strong>Gi\u00e1 c\u1ea3<\/strong><\/td><td><figure><img loading=\"lazy\" class=\"alignnone size-medium wp-image-70\" src=\"https:\/\/suxuong.com\/wp-content\/uploads\/2018\/09\/4-sao-300x63.png\" alt=\"\" width=\"300\" height=\"63\" srcset=\"https:\/\/suxuong.com\/wp-content\/uploads\/2018\/09\/4-sao-300x63.png 300w, https:\/\/suxuong.com\/wp-content\/uploads\/2018\/09\/4-sao.png 751w\" sizes=\"(max-width: 300px) 85vw, 300px\" \/><\/figure><br>trung b\u00ecnh t\u1edbi cao<\/td><td><figure><img loading=\"lazy\" class=\"alignnone size-medium wp-image-72\" src=\"https:\/\/suxuong.com\/wp-content\/uploads\/2018\/09\/2-sao-300x61.png\" alt=\"\" width=\"300\" height=\"61\" srcset=\"https:\/\/suxuong.com\/wp-content\/uploads\/2018\/09\/2-sao-300x61.png 300w, https:\/\/suxuong.com\/wp-content\/uploads\/2018\/09\/2-sao.png 751w\" sizes=\"(max-width: 300px) 85vw, 300px\" \/><\/figure><br>r\u1ea5t cao<\/td><\/tr><\/tbody><\/table><\/figure>\n\n\n\n<h2 id=\"muaodau\"><strong>4. L\u1ef1a ch\u1ecdn t\u1ed1i \u01b0u<\/strong><\/h2>\n\n\n\n<p>S\u1ee9 x\u01b0\u01a1ng c\u00f3 h\u00ecnh th\u1ee9c b\u1eaft m\u1eaft h\u01a1n S\u1ee9 S\u01b0\u01a1ng, tuy nhi\u00ean t\u1ed5ng th\u1ec3 v\u1ec1 gi\u00e1 tr\u1ecb s\u1eed d\u1ee5ng so v\u1edbi gi\u00e1 th\u00e0nh th\u00ec S\u1ee9 S\u01b0\u01a1ng d\u01b0\u1eddng nh\u01b0 l\u00e0 s\u1ef1 l\u1ef1a ch\u1ecdn h\u1ee3p l\u00fd h\u01a1n. B\u1ea1n c\u00f3 th\u1ec3 t\u00ecm mua c\u1ea3 2 d\u00f2ng s\u1ea3n ph\u1ea9m \u1edf h\u1ea7u h\u1ebft c\u00e1c h\u1ec7 th\u1ed1ng si\u00eau th\u1ecb l\u1edbn tr\u00ean to\u00e0n qu\u1ed1c nh\u01b0 <strong>Lotte mart, Aeon mall, \u0110i\u1ec7n M\u00e1y Xanh<\/strong>&#8230;ho\u1eb7c t\u1ea1i website th\u01b0\u01a1ng m\u1ea1i \u0111i\u1ec7n t\u1eed l\u1edbn <a href=\"https:\/\/suxuong.com\/cib2\" target=\"_blank\" rel=\"noopener noreferrer\">Sendo<\/a>, <a href=\"https:\/\/suxuong.com\/zb4b\" target=\"_blank\" rel=\"noopener noreferrer\">Tiki<\/a>, Lazada. Ngo\u00e0i ra b\u1ea1n c\u00f3 th\u1ec3 mua v\u1edbi gi\u00e1 <span style=\"color: #ff0000;\">SI\u00caU R\u1eba<\/span> t\u1ea1i c\u00e1c website ch\u00ednh h\u00e3ng <a href=\"https:\/\/susuong.com\" target=\"_blank\" rel=\"noreferrer noopener\">SUSUONG.COM<\/a> \u0111ang \u0111\u01b0\u1ee3c gi\u1ea3m gi\u00e1 70% t\u1ea5t c\u1ea3 s\u1ea3n ph\u1ea9m.<\/p>\n\n\n\n<p>Qu\u1ea3ng c\u00e1o: <em>B\u1ea1n \u0111\u00e3 t\u1eebng nghe t\u1edbi\u00a0<a href=\"https:\/\/xilanhdiencongnghiep.com\/tai-lieu\/video-xi-lanh-dien-ewellix\/\">Xi lanh \u0111i\u1ec7n<\/a>\u00a0v\u00e0\u00a0<a href=\"https:\/\/xilanhdiencongnghiep.com\/product-category\/ewellix\/vit-me-bi-ball-screw\/\" target=\"_blank\" rel=\"noreferrer noopener\">V\u00edt me<\/a>\u00a0bao gi\u1edd ch\u01b0a? H\u00e3y t\u00ecm hi\u1ec3u t\u1ea1i website xilanhdiencongnghiep.com nh\u00e9<\/em>.<\/p>\n","protected":false},"excerpt":{"rendered":"<p>1. S\u1ee9 x\u01b0\u01a1ng S\u1ee9 x\u01b0\u01a1ng hay t\u00ean \u0111\u1ea7y \u0111\u1ee7 l\u00e0 s\u1ee9 tro x\u01b0\u01a1ng, ti\u1ebfng Anh &#8220;bone china&#8221;, l\u00e0 d\u00f2ng g\u1ed1m s\u1ee9 c\u00f3 tr\u1ed9n men tro x\u01b0\u01a1ng \u0111\u1ed9ng v\u1eadt, c\u00f3 ngu\u1ed3n g\u1ed1c t\u1eeb Anh qu\u1ed1c th\u1ebf k\u1ef7 18. \u0110\u1ebfn nay \u0111a ph\u1ea7n s\u1ee9 x\u01b0\u01a1ng \u0111\u01b0\u1ee3c s\u1ea3n xu\u1ea5t t\u1ea1i Trung Qu\u1ed1c. \u0110\u1eb7c \u0111i\u1ec3m c\u1ee7a s\u1ea3n ph\u1ea9m l\u00e0 &hellip; <a href=\"https:\/\/suxuong.com\/\" class=\"more-link\">\u0110\u1ecdc ti\u1ebfp<span class=\"screen-reader-text\"> &#8220;s\u1ee9 x\u01b0\u01a1ng hay S\u1ee9 S\u01b0\u01a1ng&#8221;<\/span><\/a><\/p>\n","protected":false},"author":1,"featured_media":0,"parent":0,"menu_order":0,"comment_status":"open","ping_status":"closed","template":"","meta":[],"yoast_head":"<!-- This site is optimized with the Yoast SEO plugin v19.4 - https:\/\/yoast.com\/wordpress\/plugins\/seo\/ -->\n<title>s\u1ee9 x\u01b0\u01a1ng hay S\u1ee9 S\u01b0\u01a1ng - gi\u00fap b\u1ea1n ph\u00e2n bi\u1ec7t v\u00e0 l\u1ef1a ch\u1ecdn g\u1ed1m s\u1ee9 t\u1ed1t nh\u1ea5t<\/title>\n<meta name=\"description\" content=\"s\u1ee9 x\u01b0\u01a1ng hay S\u1ee9 S\u01b0\u01a1ng? ph\u00e2n bi\u1ec7t 2 d\u00f2ng s\u1ee9 cao c\u1ea5p v\u00e0 so s\u00e1nh v\u1edbi c\u00e1c d\u00f2ng g\u1ed1m s\u1ee9 kh\u00e1c gi\u00fap b\u1ea1n c\u00f3 s\u1ef1 l\u1ef1a ch\u1ecdn s\u00e1ng su\u1ed1t khi mua h\u00e0ng\" \/>\n<meta name=\"robots\" content=\"index, follow, max-snippet:-1, max-image-preview:large, max-video-preview:-1\" \/>\n<link rel=\"canonical\" href=\"https:\/\/suxuong.com\/\" \/>\n<meta property=\"og:locale\" content=\"vi_VN\" \/>\n<meta property=\"og:type\" content=\"article\" \/>\n<meta property=\"og:title\" content=\"s\u1ee9 x\u01b0\u01a1ng hay S\u1ee9 S\u01b0\u01a1ng - gi\u00fap b\u1ea1n ph\u00e2n bi\u1ec7t v\u00e0 l\u1ef1a ch\u1ecdn g\u1ed1m s\u1ee9 t\u1ed1t nh\u1ea5t\" \/>\n<meta property=\"og:description\" content=\"s\u1ee9 x\u01b0\u01a1ng hay S\u1ee9 S\u01b0\u01a1ng? ph\u00e2n bi\u1ec7t 2 d\u00f2ng s\u1ee9 cao c\u1ea5p v\u00e0 so s\u00e1nh v\u1edbi c\u00e1c d\u00f2ng g\u1ed1m s\u1ee9 kh\u00e1c gi\u00fap b\u1ea1n c\u00f3 s\u1ef1 l\u1ef1a ch\u1ecdn s\u00e1ng su\u1ed1t khi mua h\u00e0ng\" \/>\n<meta property=\"og:url\" content=\"https:\/\/suxuong.com\/\" \/>\n<meta property=\"og:site_name\" content=\"s\u1ee9 x\u01b0\u01a1ng hay S\u1ee9 S\u01b0\u01a1ng\" \/>\n<meta property=\"article:modified_time\" content=\"2022-04-18T07:58:16+00:00\" \/>\n<meta property=\"og:image\" content=\"https:\/\/suxuong.com\/wp-content\/uploads\/2019\/11\/1515462823_75pcs-bone-china-dinner-set-with-royal-design-1.jpg\" \/>\n<meta name=\"twitter:card\" content=\"summary_large_image\" \/>\n<meta name=\"twitter:label1\" content=\"\u01af\u1edbc t\u00ednh th\u1eddi gian \u0111\u1ecdc\" \/>\n\t<meta name=\"twitter:data1\" content=\"7 ph\u00fat\" \/>\n<script type=\"application\/ld+json\" class=\"yoast-schema-graph\">{\"@context\":\"https:\/\/schema.org\",\"@graph\":[{\"@type\":\"WebSite\",\"@id\":\"https:\/\/suxuong.com\/#website\",\"url\":\"https:\/\/suxuong.com\/\",\"name\":\"s\u1ee9 x\u01b0\u01a1ng hay S\u1ee9 S\u01b0\u01a1ng\",\"description\":\"nh\u1eefng l\u1ef1a ch\u1ecdn g\u1ed1m s\u1ee9 t\u1ed1t nh\u1ea5t Vi\u1ec7t Nam\",\"potentialAction\":[{\"@type\":\"SearchAction\",\"target\":{\"@type\":\"EntryPoint\",\"urlTemplate\":\"https:\/\/suxuong.com\/?s={search_term_string}\"},\"query-input\":\"required name=search_term_string\"}],\"inLanguage\":\"vi\"},{\"@type\":\"WebPage\",\"@id\":\"https:\/\/suxuong.com\/\",\"url\":\"https:\/\/suxuong.com\/\",\"name\":\"s\u1ee9 x\u01b0\u01a1ng hay S\u1ee9 S\u01b0\u01a1ng - gi\u00fap b\u1ea1n ph\u00e2n bi\u1ec7t v\u00e0 l\u1ef1a ch\u1ecdn g\u1ed1m s\u1ee9 t\u1ed1t nh\u1ea5t\",\"isPartOf\":{\"@id\":\"https:\/\/suxuong.com\/#website\"},\"datePublished\":\"2018-09-07T12:35:38+00:00\",\"dateModified\":\"2022-04-18T07:58:16+00:00\",\"description\":\"s\u1ee9 x\u01b0\u01a1ng hay S\u1ee9 S\u01b0\u01a1ng? ph\u00e2n bi\u1ec7t 2 d\u00f2ng s\u1ee9 cao c\u1ea5p v\u00e0 so s\u00e1nh v\u1edbi c\u00e1c d\u00f2ng g\u1ed1m s\u1ee9 kh\u00e1c gi\u00fap b\u1ea1n c\u00f3 s\u1ef1 l\u1ef1a ch\u1ecdn s\u00e1ng su\u1ed1t khi mua h\u00e0ng\",\"breadcrumb\":{\"@id\":\"https:\/\/suxuong.com\/#breadcrumb\"},\"inLanguage\":\"vi\",\"potentialAction\":[{\"@type\":\"ReadAction\",\"target\":[\"https:\/\/suxuong.com\/\"]}]},{\"@type\":\"BreadcrumbList\",\"@id\":\"https:\/\/suxuong.com\/#breadcrumb\",\"itemListElement\":[{\"@type\":\"ListItem\",\"position\":1,\"name\":\"Trang ch\u1ee7\",\"item\":\"https:\/\/suxuong.com\/\"},{\"@type\":\"ListItem\",\"position\":2,\"name\":\"s\u1ee9 x\u01b0\u01a1ng hay S\u1ee9 S\u01b0\u01a1ng\"}]}]}<\/script>\n<!-- \/ Yoast SEO plugin. -->","yoast_head_json":{"title":"s\u1ee9 x\u01b0\u01a1ng hay S\u1ee9 S\u01b0\u01a1ng - gi\u00fap b\u1ea1n ph\u00e2n bi\u1ec7t v\u00e0 l\u1ef1a ch\u1ecdn g\u1ed1m s\u1ee9 t\u1ed1t nh\u1ea5t","description":"s\u1ee9 x\u01b0\u01a1ng hay S\u1ee9 S\u01b0\u01a1ng? ph\u00e2n bi\u1ec7t 2 d\u00f2ng s\u1ee9 cao c\u1ea5p v\u00e0 so s\u00e1nh v\u1edbi c\u00e1c d\u00f2ng g\u1ed1m s\u1ee9 kh\u00e1c gi\u00fap b\u1ea1n c\u00f3 s\u1ef1 l\u1ef1a ch\u1ecdn s\u00e1ng su\u1ed1t khi mua h\u00e0ng","robots":{"index":"index","follow":"follow","max-snippet":"max-snippet:-1","max-image-preview":"max-image-preview:large","max-video-preview":"max-video-preview:-1"},"canonical":"https:\/\/suxuong.com\/","og_locale":"vi_VN","og_type":"article","og_title":"s\u1ee9 x\u01b0\u01a1ng hay S\u1ee9 S\u01b0\u01a1ng - gi\u00fap b\u1ea1n ph\u00e2n bi\u1ec7t v\u00e0 l\u1ef1a ch\u1ecdn g\u1ed1m s\u1ee9 t\u1ed1t nh\u1ea5t","og_description":"s\u1ee9 x\u01b0\u01a1ng hay S\u1ee9 S\u01b0\u01a1ng? ph\u00e2n bi\u1ec7t 2 d\u00f2ng s\u1ee9 cao c\u1ea5p v\u00e0 so s\u00e1nh v\u1edbi c\u00e1c d\u00f2ng g\u1ed1m s\u1ee9 kh\u00e1c gi\u00fap b\u1ea1n c\u00f3 s\u1ef1 l\u1ef1a ch\u1ecdn s\u00e1ng su\u1ed1t khi mua h\u00e0ng","og_url":"https:\/\/suxuong.com\/","og_site_name":"s\u1ee9 x\u01b0\u01a1ng hay S\u1ee9 S\u01b0\u01a1ng","article_modified_time":"2022-04-18T07:58:16+00:00","og_image":[{"url":"https:\/\/suxuong.com\/wp-content\/uploads\/2019\/11\/1515462823_75pcs-bone-china-dinner-set-with-royal-design-1.jpg"}],"twitter_card":"summary_large_image","twitter_misc":{"\u01af\u1edbc t\u00ednh th\u1eddi gian \u0111\u1ecdc":"7 ph\u00fat"},"schema":{"@context":"https:\/\/schema.org","@graph":[{"@type":"WebSite","@id":"https:\/\/suxuong.com\/#website","url":"https:\/\/suxuong.com\/","name":"s\u1ee9 x\u01b0\u01a1ng hay S\u1ee9 S\u01b0\u01a1ng","description":"nh\u1eefng l\u1ef1a ch\u1ecdn g\u1ed1m s\u1ee9 t\u1ed1t nh\u1ea5t Vi\u1ec7t Nam","potentialAction":[{"@type":"SearchAction","target":{"@type":"EntryPoint","urlTemplate":"https:\/\/suxuong.com\/?s={search_term_string}"},"query-input":"required name=search_term_string"}],"inLanguage":"vi"},{"@type":"WebPage","@id":"https:\/\/suxuong.com\/","url":"https:\/\/suxuong.com\/","name":"s\u1ee9 x\u01b0\u01a1ng hay S\u1ee9 S\u01b0\u01a1ng - gi\u00fap b\u1ea1n ph\u00e2n bi\u1ec7t v\u00e0 l\u1ef1a ch\u1ecdn g\u1ed1m s\u1ee9 t\u1ed1t nh\u1ea5t","isPartOf":{"@id":"https:\/\/suxuong.com\/#website"},"datePublished":"2018-09-07T12:35:38+00:00","dateModified":"2022-04-18T07:58:16+00:00","description":"s\u1ee9 x\u01b0\u01a1ng hay S\u1ee9 S\u01b0\u01a1ng? ph\u00e2n bi\u1ec7t 2 d\u00f2ng s\u1ee9 cao c\u1ea5p v\u00e0 so s\u00e1nh v\u1edbi c\u00e1c d\u00f2ng g\u1ed1m s\u1ee9 kh\u00e1c gi\u00fap b\u1ea1n c\u00f3 s\u1ef1 l\u1ef1a ch\u1ecdn s\u00e1ng su\u1ed1t khi mua h\u00e0ng","breadcrumb":{"@id":"https:\/\/suxuong.com\/#breadcrumb"},"inLanguage":"vi","potentialAction":[{"@type":"ReadAction","target":["https:\/\/suxuong.com\/"]}]},{"@type":"BreadcrumbList","@id":"https:\/\/suxuong.com\/#breadcrumb","itemListElement":[{"@type":"ListItem","position":1,"name":"Trang ch\u1ee7","item":"https:\/\/suxuong.com\/"},{"@type":"ListItem","position":2,"name":"s\u1ee9 x\u01b0\u01a1ng hay S\u1ee9 S\u01b0\u01a1ng"}]}]}},"_links":{"self":[{"href":"https:\/\/suxuong.com\/index.php\/wp-json\/wp\/v2\/pages\/8"}],"collection":[{"href":"https:\/\/suxuong.com\/index.php\/wp-json\/wp\/v2\/pages"}],"about":[{"href":"https:\/\/suxuong.com\/index.php\/wp-json\/wp\/v2\/types\/page"}],"author":[{"embeddable":true,"href":"https:\/\/suxuong.com\/index.php\/wp-json\/wp\/v2\/users\/1"}],"replies":[{"embeddable":true,"href":"https:\/\/suxuong.com\/index.php\/wp-json\/wp\/v2\/comments?post=8"}],"version-history":[{"count":62,"href":"https:\/\/suxuong.com\/index.php\/wp-json\/wp\/v2\/pages\/8\/revisions"}],"predecessor-version":[{"id":238,"href":"https:\/\/suxuong.com\/index.php\/wp-json\/wp\/v2\/pages\/8\/revisions\/238"}],"wp:attachment":[{"href":"https:\/\/suxuong.com\/index.php\/wp-json\/wp\/v2\/media?parent=8"}],"curies":[{"name":"wp","href":"https:\/\/api.w.org\/{rel}","templated":true}]}}